{"id":15,"date":"2011-08-02T16:00:56","date_gmt":"2011-08-02T16:00:56","guid":{"rendered":"http:\/\/www.sen-ecole.asso.fr\/WP\/?page_id=15"},"modified":"2026-01-07T19:37:37","modified_gmt":"2026-01-07T19:37:37","slug":"adhesion","status":"publish","type":"page","link":"https:\/\/www.sen-ecole.asso.fr\/WP\/?page_id=15","title":{"rendered":"Adh\u00e9sion"},"content":{"rendered":"<p>Il est \u00e0 tout moment possible d&rsquo;adh\u00e9rer \u00e0 l&rsquo;association.<\/p>\n<p>Pour cela il suffit de remplir le formulaire ci-dessous et de le retourner accompagn\u00e9 du montant de la cotisation!<\/p>\n<p><a href=\"https:\/\/www.sen-ecole.asso.fr\/WP\/wp-content\/uploads\/2026\/01\/adhesion-2026.pdf\">Bulletin d&rsquo;adh\u00e9sion 2026<\/a><\/p>\n\n\n<p><\/p>\n\n\n\n<p><\/p>\n","protected":false},"excerpt":{"rendered":"<p>Il est \u00e0 tout moment possible d&rsquo;adh\u00e9rer \u00e0 l&rsquo;association. Pour cela il suffit de remplir le formulaire ci-dessous et de le retourner accompagn\u00e9 du montant de la cotisation! Bulletin d&rsquo;adh\u00e9sion 2026<\/p>\n","protected":false},"author":1,"featured_media":0,"parent":0,"menu_order":0,"comment_status":"open","ping_status":"open","template":"","meta":{"footnotes":""},"class_list":["post-15","page","type-page","status-publish","hentry"],"_links":{"self":[{"href":"https:\/\/www.sen-ecole.asso.fr\/WP\/index.php?rest_route=\/wp\/v2\/pages\/15","targetHints":{"allow":["GET"]}}],"collection":[{"href":"https:\/\/www.sen-ecole.asso.fr\/WP\/index.php?rest_route=\/wp\/v2\/pages"}],"about":[{"href":"https:\/\/www.sen-ecole.asso.fr\/WP\/index.php?rest_route=\/wp\/v2\/types\/page"}],"author":[{"embeddable":true,"href":"https:\/\/www.sen-ecole.asso.fr\/WP\/index.php?rest_route=\/wp\/v2\/users\/1"}],"replies":[{"embeddable":true,"href":"https:\/\/www.sen-ecole.asso.fr\/WP\/index.php?rest_route=%2Fwp%2Fv2%2Fcomments&post=15"}],"version-history":[{"count":37,"href":"https:\/\/www.sen-ecole.asso.fr\/WP\/index.php?rest_route=\/wp\/v2\/pages\/15\/revisions"}],"predecessor-version":[{"id":1542,"href":"https:\/\/www.sen-ecole.asso.fr\/WP\/index.php?rest_route=\/wp\/v2\/pages\/15\/revisions\/1542"}],"wp:attachment":[{"href":"https:\/\/www.sen-ecole.asso.fr\/WP\/index.php?rest_route=%2Fwp%2Fv2%2Fmedia&parent=15"}],"curies":[{"name":"wp","href":"https:\/\/api.w.org\/{rel}","templated":true}]}}